{"id":122,"date":"2010-03-03T21:46:39","date_gmt":"2010-03-03T21:46:39","guid":{"rendered":"http:\/\/www.coroeurolatinoamericano.at\/cms\/?page_id=122"},"modified":"2023-02-09T11:38:36","modified_gmt":"2023-02-09T10:38:36","slug":"geschichte","status":"publish","type":"page","link":"https:\/\/www.coroeurolatinoamericano.at\/cms\/eine-seite\/geschichte\/","title":{"rendered":"Kurzbiografie"},"content":{"rendered":"<p>Unser Chor wurde im Jahr <strong>2003<\/strong> vom Argentinier Professor <strong>Ruben Guarnaschelli<\/strong> gegr\u00fcndet. Er leitete unseren Chor, bis er 2009 nach Spanien \u00fcbersiedelte.<\/p>\n<p>10 Jahre lang bis Juni 2019 war <strong>Pablo Boggiano<\/strong> unser ambitionierter Chorleiter, der unser Repertoire stark erweiterte. Er studierte das Dirigieren in Argentinien und Europa.<\/p>\n<p>Danach \u00fcbernahm der mexikanische Dirigent <strong>Antonio Liz\u00e1rraga-L\u00f3pez<\/strong>.<\/p>\n<p>Aktuell ist der junge chilenische Dirigent und Musiker <strong>Camilo Leins<\/strong> k\u00fcnstlerischer Leiter.<\/p>\n<p>Der Chor hat zurzeit 35 Mitglieder aus lateinamerikanischen und europ\u00e4ischen L\u00e4ndern. Wir \u00fcben unsere gemeinsame Leidenschaft, das Singen und Auff\u00fchren von lateinamerikanischen Liedern, aus. Deshalb singen wir haupts\u00e4chlich auf Spanisch und haben auch ein paar Lieder auf Portugiesisch und in indigenen Sprachen in unserem Repertoire.<\/p>\n<p>Wir haben etwa 10 Auftritte pro Jahr und standen schon auf den B\u00fchnen von Konzerthaus und Musikverein und sangen u.a. im Stephansdom und in der Minoritenkirche. Eine Tournee f\u00fchrte uns nach Argentinien, im Juni 2019 sangen wir mit anderen Ch\u00f6ren in der Carnegie Hall in New York.<br \/>\nWir proben freitags von 18:30 bis 21:00<br \/>\nin der Canisius Pfarre<br \/>\n1090 Wien, Pulverturmgasse 11, Erdgeschoss<\/p>\n<p>Wenn Sie Interesse an unserer Musik haben oder selbst mitsingen m\u00f6chten, kontaktieren Sie uns unter:<br \/>\noffice@coroeurolatinoamericano.at<\/p>","protected":false},"excerpt":{"rendered":"<p>Unser Chor wurde im Jahr 2003 vom Argentinier Professor Ruben Guarnaschelli gegr\u00fcndet. Er leitete unseren Chor, bis er 2009 nach Spanien \u00fcbersiedelte. 10 Jahre lang bis Juni 2019 war Pablo Boggiano unser ambitionierter Chorleiter, der unser Repertoire stark erweiterte. Er <a class=\"more-link\" href=\"https:\/\/www.coroeurolatinoamericano.at\/cms\/eine-seite\/geschichte\/\">mehr lesen \/ leer mas &#8230;<\/a><\/p>\n","protected":false},"author":1,"featured_media":0,"parent":2,"menu_order":1,"comment_status":"closed","ping_status":"closed","template":"","meta":{"ngg_post_thumbnail":0,"footnotes":"","_links_to":"","_links_to_target":""},"class_list":["post-122","page","type-page","status-publish","hentry"],"_links":{"self":[{"href":"https:\/\/www.coroeurolatinoamericano.at\/cms\/wp-json\/wp\/v2\/pages\/122","targetHints":{"allow":["GET"]}}],"collection":[{"href":"https:\/\/www.coroeurolatinoamericano.at\/cms\/wp-json\/wp\/v2\/pages"}],"about":[{"href":"https:\/\/www.coroeurolatinoamericano.at\/cms\/wp-json\/wp\/v2\/types\/page"}],"author":[{"embeddable":true,"href":"https:\/\/www.coroeurolatinoamericano.at\/cms\/wp-json\/wp\/v2\/users\/1"}],"replies":[{"embeddable":true,"href":"https:\/\/www.coroeurolatinoamericano.at\/cms\/wp-json\/wp\/v2\/comments?post=122"}],"version-history":[{"count":36,"href":"https:\/\/www.coroeurolatinoamericano.at\/cms\/wp-json\/wp\/v2\/pages\/122\/revisions"}],"predecessor-version":[{"id":1267,"href":"https:\/\/www.coroeurolatinoamericano.at\/cms\/wp-json\/wp\/v2\/pages\/122\/revisions\/1267"}],"up":[{"embeddable":true,"href":"https:\/\/www.coroeurolatinoamericano.at\/cms\/wp-json\/wp\/v2\/pages\/2"}],"wp:attachment":[{"href":"https:\/\/www.coroeurolatinoamericano.at\/cms\/wp-json\/wp\/v2\/media?parent=122"}],"curies":[{"name":"wp","href":"https:\/\/api.w.org\/{rel}","templated":true}]}}